{"id":6051,"date":"2024-06-06T10:53:54","date_gmt":"2024-06-06T08:53:54","guid":{"rendered":"https:\/\/coiqcv.com\/?page_id=6051"},"modified":"2024-06-06T11:20:04","modified_gmt":"2024-06-06T09:20:04","slug":"visita-jeanologia","status":"publish","type":"page","link":"https:\/\/coiqcv.com\/val\/visita-jeanologia\/","title":{"rendered":"Visita Jeanologia"},"content":{"rendered":"<div data-elementor-type=\"wp-page\" data-elementor-id=\"6051\" class=\"elementor elementor-6051\" data-elementor-post-type=\"page\">\n\t\t\t\t<div data-particle_enable=\"false\" data-particle-mobile-disabled=\"false\" class=\"elementor-element elementor-element-8f45c66 e-grid e-con-boxed e-con e-parent\" data-id=\"8f45c66\" data-element_type=\"container\" data-e-type=\"container\" data-settings=\"{&quot;jet_parallax_layout_list&quot;:[]}\">\n\t\t\t\t\t<div class=\"e-con-inner\">\n\t\t\t\t<div class=\"elementor-element elementor-element-a90fdc8 elementor-widget elementor-widget-image\" data-id=\"a90fdc8\" data-element_type=\"widget\" data-e-type=\"widget\" data-widget_type=\"image.default\">\n\t\t\t\t<div class=\"elementor-widget-container\">\n\t\t\t\t\t\t\t\t\t\t\t\t\t\t\t<img fetchpriority=\"high\" decoding=\"async\" width=\"800\" height=\"532\" src=\"https:\/\/coiqcv.com\/wp-content\/uploads\/2024\/06\/11-Julio-2024.png\" class=\"attachment-large size-large wp-image-6052\" alt=\"\" \/>\t\t\t\t\t\t\t\t\t\t\t\t\t\t\t<\/div>\n\t\t\t\t<\/div>\n\t\t\t\t<div class=\"elementor-element elementor-element-8ac3b9a elementor-widget elementor-widget-text-editor\" data-id=\"8ac3b9a\" data-element_type=\"widget\" data-e-type=\"widget\" data-widget_type=\"text-editor.default\">\n\t\t\t\t<div class=\"elementor-widget-container\">\n\t\t\t\t\t\t\t\t\t<p>El<strong> COIQCV<\/strong> us convida a visitar les instal\u00b7lacions de Jeanologia, pionera a la ind\u00fastria t\u00e8xtil sostenible. Es realitzar\u00e0 l&#039;11 de juliol a les 15:30 a <em>Ronda de Guglielmo Marconi, 12, 46980 Paterna, Val\u00e8ncia (pots anar directament a la seu)<\/em><\/p><p>Des del 1994, Jeanologia treballa per crear una ind\u00fastria t\u00e8xtil \u00e8tica i ecoeficient. Les seves innovacions, com el l\u00e0ser, oz\u00f3 G2, Dancing Box, E-flow i H2Zero, no nom\u00e9s redueixen costos, sin\u00f3 que tamb\u00e9 estalvien aigua, energia i productes qu\u00edmics, buscant una producci\u00f3 sense contaminaci\u00f3.<\/p><p>El programa de la visita inclou:<\/p><ul><li>Benvinguda i introducci\u00f3 a Jeanologia.<\/li><li>Presentaci\u00f3 sobre la missi\u00f3 de sostenibilitat i desintoxicaci\u00f3 de la ind\u00fastria t\u00e8xtil.<\/li><li>Tour per les instal\u00b7lacions per con\u00e8ixer les tecnologies desenvolupades per Jeanologia.<\/li><\/ul><p>El COIQCV oferir\u00e0 un servei d&#039;autob\u00fas que sortir\u00e0 a les 14.45 des de la seu col\u00b7legial.<\/p><p>Us convidem a apuntar-vos a aquesta activitat. Per inscriure&#039;s has d&#039;emplenar el seg\u00fcent <strong><a href=\"https:\/\/docs.google.com\/forms\/d\/e\/1FAIpQLSeSGL1CdwHNmwHdCD930ARscZJQIUfzl-TJKIoM8X8Cn5DayA\/viewform?usp=sf_link\" target=\"_blank\" rel=\"noopener\">formulari<\/a>.<\/strong><\/p><p>Esperem comptar amb la teva participaci\u00f3!<\/p>\t\t\t\t\t\t\t\t<\/div>\n\t\t\t\t<\/div>\n\t\t\t\t\t<\/div>\n\t\t\t\t<\/div>\n\t\t<div data-particle_enable=\"false\" data-particle-mobile-disabled=\"false\" class=\"elementor-element elementor-element-e1e4c6c e-flex e-con-boxed e-con e-parent\" data-id=\"e1e4c6c\" data-element_type=\"container\" data-e-type=\"container\" data-settings=\"{&quot;jet_parallax_layout_list&quot;:[]}\">\n\t\t\t\t\t<div class=\"e-con-inner\">\n\t\t\t\t<div class=\"elementor-element elementor-element-099c379 elementor-align-right elementor-widget elementor-widget-button\" data-id=\"099c379\" data-element_type=\"widget\" data-e-type=\"widget\" data-widget_type=\"button.default\">\n\t\t\t\t<div class=\"elementor-widget-container\">\n\t\t\t\t\t\t\t\t\t<div class=\"elementor-button-wrapper\">\n\t\t\t\t\t<a class=\"elementor-button elementor-button-link elementor-size-sm\" href=\"https:\/\/docs.google.com\/forms\/d\/e\/1FAIpQLSeSGL1CdwHNmwHdCD930ARscZJQIUfzl-TJKIoM8X8Cn5DayA\/viewform?usp=sf_link\" target=\"_blank\">\n\t\t\t\t\t\t<span class=\"elementor-button-content-wrapper\">\n\t\t\t\t\t\t\t\t\t<span class=\"elementor-button-text\">FORMULARI D&#039;INSCRIPCI\u00d3 A LA VISITA<\/span>\n\t\t\t\t\t<\/span>\n\t\t\t\t\t<\/a>\n\t\t\t\t<\/div>\n\t\t\t\t\t\t\t\t<\/div>\n\t\t\t\t<\/div>\n\t\t\t\t\t<\/div>\n\t\t\t\t<\/div>\n\t\t\t\t<\/div>","protected":false},"excerpt":{"rendered":"<p>El COIQCV os invita a visitar las instalaciones de Jeanologia, pionera en la industria textil sostenible. Se realizar\u00e1 el 11 de julio a las 15:30 en Ronda de Guglielmo Marconi, 12, 46980 Paterna, Valencia (puedes acudir directamente a la sede) Desde 1994, Jeanologia trabaja para crear una industria textil \u00e9tica y ecoeficiente. Sus innovaciones, como [&hellip;]<\/p>\n","protected":false},"author":1,"featured_media":0,"parent":0,"menu_order":0,"comment_status":"closed","ping_status":"closed","template":"","meta":{"_monsterinsights_skip_tracking":false,"_monsterinsights_sitenote_active":false,"_monsterinsights_sitenote_note":"","_monsterinsights_sitenote_category":0,"_uf_show_specific_survey":0,"_uf_disable_surveys":false,"footnotes":""},"class_list":["post-6051","page","type-page","status-publish","hentry"],"aioseo_notices":[],"_links":{"self":[{"href":"https:\/\/coiqcv.com\/val\/wp-json\/wp\/v2\/pages\/6051","targetHints":{"allow":["GET"]}}],"collection":[{"href":"https:\/\/coiqcv.com\/val\/wp-json\/wp\/v2\/pages"}],"about":[{"href":"https:\/\/coiqcv.com\/val\/wp-json\/wp\/v2\/types\/page"}],"author":[{"embeddable":true,"href":"https:\/\/coiqcv.com\/val\/wp-json\/wp\/v2\/users\/1"}],"replies":[{"embeddable":true,"href":"https:\/\/coiqcv.com\/val\/wp-json\/wp\/v2\/comments?post=6051"}],"version-history":[{"count":7,"href":"https:\/\/coiqcv.com\/val\/wp-json\/wp\/v2\/pages\/6051\/revisions"}],"predecessor-version":[{"id":6062,"href":"https:\/\/coiqcv.com\/val\/wp-json\/wp\/v2\/pages\/6051\/revisions\/6062"}],"wp:attachment":[{"href":"https:\/\/coiqcv.com\/val\/wp-json\/wp\/v2\/media?parent=6051"}],"curies":[{"name":"wp","href":"https:\/\/api.w.org\/{rel}","templated":true}]}}