{"id":2711,"date":"2023-07-06T13:23:00","date_gmt":"2023-07-06T11:23:00","guid":{"rendered":"https:\/\/pro-ser-001.datia-analytics.com\/?page_id=2711"},"modified":"2025-10-10T11:58:22","modified_gmt":"2025-10-10T09:58:22","slug":"seguro-de-responsabilidad-civil","status":"publish","type":"page","link":"https:\/\/coiqcv.com\/val\/seguro-de-responsabilidad-civil\/","title":{"rendered":"Asseguran\u00e7a de Responsabilitat Civil"},"content":{"rendered":"<div data-elementor-type=\"wp-page\" data-elementor-id=\"2711\" class=\"elementor elementor-2711\" data-elementor-post-type=\"page\">\n\t\t\t\t<div data-particle_enable=\"false\" data-particle-mobile-disabled=\"false\" class=\"elementor-element elementor-element-9c5a2cc e-flex e-con-boxed e-con e-parent\" data-id=\"9c5a2cc\" data-element_type=\"container\" data-e-type=\"container\" data-settings=\"{&quot;jet_parallax_layout_list&quot;:[]}\">\n\t\t\t\t\t<div class=\"e-con-inner\">\n\t\t<div data-particle_enable=\"false\" data-particle-mobile-disabled=\"false\" class=\"elementor-element elementor-element-df9c481 e-con-full e-flex e-con e-child\" data-id=\"df9c481\" data-element_type=\"container\" data-e-type=\"container\" data-settings=\"{&quot;jet_parallax_layout_list&quot;:[]}\">\n\t\t\t\t<div class=\"elementor-element elementor-element-4991981 elementor-widget__width-initial elementor-widget elementor-widget-heading\" data-id=\"4991981\" data-element_type=\"widget\" data-e-type=\"widget\" data-widget_type=\"heading.default\">\n\t\t\t\t<div class=\"elementor-widget-container\">\n\t\t\t\t\t<h2 class=\"elementor-heading-title elementor-size-default\">Asseguran\u00e7a de Responsabilitat Civil<\/h2>\t\t\t\t<\/div>\n\t\t\t\t<\/div>\n\t\t\t\t<\/div>\n\t\t\t\t\t<\/div>\n\t\t\t\t<\/div>\n\t\t<div data-particle_enable=\"false\" data-particle-mobile-disabled=\"false\" class=\"elementor-element elementor-element-de3d922 e-flex e-con-boxed e-con e-parent\" data-id=\"de3d922\" data-element_type=\"container\" data-e-type=\"container\" data-settings=\"{&quot;jet_parallax_layout_list&quot;:[],&quot;background_background&quot;:&quot;classic&quot;}\">\n\t\t\t\t\t<div class=\"e-con-inner\">\n\t\t<div data-particle_enable=\"false\" data-particle-mobile-disabled=\"false\" class=\"elementor-element elementor-element-5f12ae4 e-con-full e-flex e-con e-child\" data-id=\"5f12ae4\" data-element_type=\"container\" data-e-type=\"container\" data-settings=\"{&quot;jet_parallax_layout_list&quot;:[]}\">\n\t\t\t\t<div class=\"elementor-element elementor-element-8123480 elementor-widget elementor-widget-text-editor\" data-id=\"8123480\" data-element_type=\"widget\" data-e-type=\"widget\" data-widget_type=\"text-editor.default\">\n\t\t\t\t<div class=\"elementor-widget-container\">\n\t\t\t\t\t\t\t\t\t<p>El Col\u00b7legi recomana als professionals la contractaci\u00f3 duna asseguran\u00e7a per cobrir els riscos de responsabilitat civil en qu\u00e8 puguin inc\u00f3rrer a conseq\u00fc\u00e8ncia del seu exercici professional.<\/p><p><strong>Aquesta asseguran\u00e7a \u00e9s un servei associat a la col\u00b7legiaci\u00f3 i tots els col\u00b7legiats estan inclosos la p\u00f2lissa de Responsabilitat Civil Professional que el COIQCV ha signat amb la companyia asseguradora Crouco:<\/strong><\/p><p>\u2013\u00a0<strong>Activitat Assegurada:<\/strong>\u00a0Qualsevol treball realitzat com a Enginyer Qu\u00edmic.<br \/>\u2013\u00a0<strong>Suma Assegurada:<\/strong>\u00a0150.000 euros.<br \/>\u2013\u00a0<strong>\u00c0mbit Territorial:<\/strong>Tothom, excepte USA i Canad\u00e0.<br \/>\u2013\u00a0<strong>\u00c0mbit Temporal:<\/strong>\u00a0Retroactivitat sempre que la reclamaci\u00f3, fet o circumst\u00e0ncia no fos coneguda per l&#039;assegurat abans de la contractaci\u00f3 de la p\u00f2lissa.<br \/>\u2013\u00a0<strong>Franqu\u00edcia:<\/strong>\u00a0500 euros.<\/p><p>Els col\u00b7legiats que ho desitgin podran ampliar el l\u00edmit volunt\u00e0riament abonant:<\/p><p>\u2013 Ampliaci\u00f3 +150000 euros: Cosina neta 175,20 euros.<br \/>\u2013 Ampliaci\u00f3 +750000 euros: Cosina neta 243,34 euros.<br \/>\u2013 Ampliaci\u00f3 +1050000 euros: prima neta 340,67 euros.<\/p><p>Els treballs de Coordinaci\u00f3 de Seguretat i Salut no estan inclosos a la p\u00f2lissa per\u00f2 s&#039;ha negociat l&#039;ampliaci\u00f3 d&#039;aquesta activitat de manera volunt\u00e0ria:<\/p><p>\u2013\u00a0<strong>Cosina:<\/strong>\u00a0243,34 euros.<br \/>\u2013\u00a0<strong>Suma Assegurada:<\/strong>\u00a0150.000 euros.<br \/>\u2013\u00a0<strong>Franqu\u00edcia:<\/strong>\u00a0500 euros.<\/p><p>Al quadre inferior podeu descarregar-vos les <strong>condicions de la p\u00f2lissa<\/strong> i el formulari de sol\u00b7licitud.<\/p>\t\t\t\t\t\t\t\t<\/div>\n\t\t\t\t<\/div>\n\t\t\t\t<div class=\"elementor-element elementor-element-141882b elementor-position-inline-start jedv-enabled--yes elementor-view-default elementor-mobile-position-block-start elementor-widget elementor-widget-icon-box\" data-id=\"141882b\" data-element_type=\"widget\" data-e-type=\"widget\" data-widget_type=\"icon-box.default\">\n\t\t\t\t<div class=\"elementor-widget-container\">\n\t\t\t\t\t\t\t<div class=\"elementor-icon-box-wrapper\">\n\n\t\t\t\t\t\t<div class=\"elementor-icon-box-icon\">\n\t\t\t\t<span  class=\"elementor-icon\">\n\t\t\t\t<svg aria-hidden=\"true\" class=\"e-font-icon-svg e-fas-lock\" viewbox=\"0 0 448 512\" xmlns=\"http:\/\/www.w3.org\/2000\/svg\"><path d=\"M400 224h-24v-72C376 68.2 307.8 0 224 0S72 68.2 72 152v72H48c-26.5 0-48 21.5-48 48v192c0 26.5 21.5 48 48 48h352c26.5 0 48-21.5 48-48V272c0-26.5-21.5-48-48-48zm-104 0H152v-72c0-39.7 32.3-72 72-72s72 32.3 72 72v72z\"><\/path><\/svg>\t\t\t\t<\/span>\n\t\t\t<\/div>\n\t\t\t\n\t\t\t\t\t\t<div class=\"elementor-icon-box-content\">\n\n\t\t\t\t\t\t\t\t\t<span class=\"elementor-icon-box-title\">\n\t\t\t\t\t\t<span  >\n\t\t\t\t\t\t\tContingut nom\u00e9s per a col\u00b7legiats\t\t\t\t\t\t<\/span>\n\t\t\t\t\t<\/span>\n\t\t\t\t\n\t\t\t\t\t\t\t\t\t<p class=\"elementor-icon-box-description\">\n\t\t\t\t\t\tPer veure els continguts d&#039;aquesta secci\u00f3, si us plau <a href=\"\/val\/acceso\/\">introdueix el teu usuari i contrasenya<\/a> o b\u00e9 <a href=\"https:\/\/coiqcv.com\/val\/unete\/colegiados\/\">col\u00b7legia&#039;t al COIQCV<\/a>.\t\t\t\t\t<\/p>\n\t\t\t\t\n\t\t\t<\/div>\n\t\t\t\n\t\t<\/div>\n\t\t\t\t\t\t<\/div>\n\t\t\t\t<\/div>\n\t\t\t\t<\/div>\n\t\t\t\t\t<\/div>\n\t\t\t\t<\/div>\n\t\t\t\t<\/div>","protected":false},"excerpt":{"rendered":"<p>Seguro de Responsabilidad Civil El Colegio recomienda a los profesionales la contrataci\u00f3n de un seguro para cubrir los riesgos de responsabilidad civil en que puedan incurrir a consecuencia de su ejercicio profesional. Dicho seguro es un servicio asociado a la colegiaci\u00f3n y todos los colegiados est\u00e1n incluidos la p\u00f3liza de Responsabilidad Civil Profesional que el [&hellip;]<\/p>\n","protected":false},"author":435,"featured_media":0,"parent":0,"menu_order":0,"comment_status":"closed","ping_status":"closed","template":"","meta":{"_monsterinsights_skip_tracking":false,"_monsterinsights_sitenote_active":false,"_monsterinsights_sitenote_note":"","_monsterinsights_sitenote_category":0,"_uf_show_specific_survey":0,"_uf_disable_surveys":false,"footnotes":""},"class_list":["post-2711","page","type-page","status-publish","hentry"],"aioseo_notices":[],"_links":{"self":[{"href":"https:\/\/coiqcv.com\/val\/wp-json\/wp\/v2\/pages\/2711","targetHints":{"allow":["GET"]}}],"collection":[{"href":"https:\/\/coiqcv.com\/val\/wp-json\/wp\/v2\/pages"}],"about":[{"href":"https:\/\/coiqcv.com\/val\/wp-json\/wp\/v2\/types\/page"}],"author":[{"embeddable":true,"href":"https:\/\/coiqcv.com\/val\/wp-json\/wp\/v2\/users\/435"}],"replies":[{"embeddable":true,"href":"https:\/\/coiqcv.com\/val\/wp-json\/wp\/v2\/comments?post=2711"}],"version-history":[{"count":32,"href":"https:\/\/coiqcv.com\/val\/wp-json\/wp\/v2\/pages\/2711\/revisions"}],"predecessor-version":[{"id":8391,"href":"https:\/\/coiqcv.com\/val\/wp-json\/wp\/v2\/pages\/2711\/revisions\/8391"}],"wp:attachment":[{"href":"https:\/\/coiqcv.com\/val\/wp-json\/wp\/v2\/media?parent=2711"}],"curies":[{"name":"wp","href":"https:\/\/api.w.org\/{rel}","templated":true}]}}