{"id":1869,"date":"2023-06-09T11:17:45","date_gmt":"2023-06-09T09:17:45","guid":{"rendered":"https:\/\/pro-ser-001.datia-analytics.com\/?page_id=1869"},"modified":"2023-07-14T11:33:35","modified_gmt":"2023-07-14T09:33:35","slug":"enlaces-de-interes","status":"publish","type":"page","link":"https:\/\/coiqcv.com\/val\/enlaces-de-interes\/","title":{"rendered":"Enlla\u00e7os d&#039;inter\u00e8s"},"content":{"rendered":"<div data-elementor-type=\"wp-page\" data-elementor-id=\"1869\" class=\"elementor elementor-1869\" data-elementor-post-type=\"page\">\n\t\t\t\t<div data-particle_enable=\"false\" data-particle-mobile-disabled=\"false\" class=\"elementor-element elementor-element-f0cbf63 e-flex e-con-boxed e-con e-parent\" data-id=\"f0cbf63\" data-element_type=\"container\" data-e-type=\"container\" data-settings=\"{&quot;jet_parallax_layout_list&quot;:[]}\">\n\t\t\t\t\t<div class=\"e-con-inner\">\n\t\t<div data-particle_enable=\"false\" data-particle-mobile-disabled=\"false\" class=\"elementor-element elementor-element-4e32a41 e-con-full e-flex e-con e-parent\" data-id=\"4e32a41\" data-element_type=\"container\" data-e-type=\"container\" data-settings=\"{&quot;jet_parallax_layout_list&quot;:[]}\">\n\t\t\t\t<div class=\"elementor-element elementor-element-ce9494e elementor-widget elementor-widget-heading\" data-id=\"ce9494e\" data-element_type=\"widget\" data-e-type=\"widget\" data-widget_type=\"heading.default\">\n\t\t\t\t<div class=\"elementor-widget-container\">\n\t\t\t\t\t<h2 class=\"elementor-heading-title elementor-size-default\">Enlla\u00e7os d&#039;inter\u00e8s<\/h2>\t\t\t\t<\/div>\n\t\t\t\t<\/div>\n\t\t\t\t<\/div>\n\t\t\t\t\t<\/div>\n\t\t\t\t<\/div>\n\t\t<div data-particle_enable=\"false\" data-particle-mobile-disabled=\"false\" class=\"elementor-element elementor-element-c330bd6 e-flex e-con-boxed e-con e-parent\" data-id=\"c330bd6\" data-element_type=\"container\" data-e-type=\"container\" data-settings=\"{&quot;jet_parallax_layout_list&quot;:[],&quot;background_background&quot;:&quot;classic&quot;}\">\n\t\t\t\t\t<div class=\"e-con-inner\">\n\t\t<div data-particle_enable=\"false\" data-particle-mobile-disabled=\"false\" class=\"elementor-element elementor-element-6e7435d e-con-full e-flex e-con e-parent\" data-id=\"6e7435d\" data-element_type=\"container\" data-e-type=\"container\" data-settings=\"{&quot;jet_parallax_layout_list&quot;:[]}\">\n\t\t\t\t<div class=\"elementor-element elementor-element-fd81597 elementor-widget elementor-widget-text-editor\" data-id=\"fd81597\" data-element_type=\"widget\" data-e-type=\"widget\" data-widget_type=\"text-editor.default\">\n\t\t\t\t<div class=\"elementor-widget-container\">\n\t\t\t\t\t\t\t\t\t<p>Lorem ipsum dolor sit amet, consectetur adipiscing elit. Nam elementum elit ut finibus condimentum. Vivamus sit amet urna nec risus efficitur tristique nec set nunc. Proin porta dictum suscipit. Donec eleifend nunc eu placerat porttitor.\u00a0<\/p>\t\t\t\t\t\t\t\t<\/div>\n\t\t\t\t<\/div>\n\t\t\t\t<\/div>\n\t\t\t\t\t<\/div>\n\t\t\t\t<\/div>\n\t\t<div data-particle_enable=\"false\" data-particle-mobile-disabled=\"false\" class=\"elementor-element elementor-element-d9fef39 e-flex e-con-boxed e-con e-parent\" data-id=\"d9fef39\" data-element_type=\"container\" data-e-type=\"container\" data-settings=\"{&quot;jet_parallax_layout_list&quot;:[]}\">\n\t\t\t\t\t<div class=\"e-con-inner\">\n\t\t\t\t<div class=\"elementor-element elementor-element-ce0b9d8 elementor-widget elementor-widget-text-editor\" data-id=\"ce0b9d8\" data-element_type=\"widget\" data-e-type=\"widget\" data-widget_type=\"text-editor.default\">\n\t\t\t\t<div class=\"elementor-widget-container\">\n\t\t\t\t\t\t\t\t\t<h4 class=\"rojo\">V\u00eddeos sobre la Qu\u00edmica<\/h4><ul><li><a class=\"link_rojo\" href=\"http:\/\/www.youtube.com\/watch?v=eEi0O7aFyy0\" target=\"_blank\" rel=\"noopener\">La Qu\u00edmica i la Vida<\/a><\/li><li><a class=\"link_rojo\" href=\"http:\/\/www.youtube.com\/watch?v=ugt0yKqRYDs&amp;feature=related\" target=\"_blank\" rel=\"noopener\">Hist\u00f2ria de la Qu\u00edmica<\/a><\/li><li><a class=\"link_rojo\" href=\"http:\/\/www.youtube.com\/watch?v=o4YN44n7mz4&amp;feature=player_embedded#\" target=\"_blank\" rel=\"noopener\">Hist\u00f2ria de l&#039;Alqu\u00edmia i la Qu\u00edmica<\/a><\/li><li><a class=\"link_rojo\" href=\"http:\/\/www.youtube.com\/watch?v=7IK4mp2WOGg&amp;feature=related\" target=\"_blank\" rel=\"noopener\">L&#039;Alqu\u00edmica i la pedra filosofal<\/a><\/li><li><a class=\"link_rojo\" href=\"http:\/\/www.youtube.com\/watch?v=8XaTzA3pRiw&amp;NR=1&amp;feature=fvwp\" target=\"_blank\" rel=\"noopener\">Hist\u00f2ria de l&#039;\u00e0tom<\/a><\/li><li><a class=\"link_rojo\" href=\"http:\/\/www.youtube.com\/watch?v=FedCC2mWe_o&amp;feature=related\" target=\"_blank\" rel=\"noopener\">Teoria de l&#039;Atom segons Cantinflas<\/a><\/li><li><a class=\"link_rojo\" href=\"http:\/\/www.youtube.com\/watch?v=xzM3qg-Snjg\" target=\"_blank\" rel=\"noopener\">XARXES M\u00e9s enll\u00e0 de l&#039;\u00e0tom 1 de 3<\/a><\/li><li><a class=\"link_rojo\" href=\"http:\/\/www.youtube.com\/watch?v=ymvsNtWYQcI\" target=\"_blank\" rel=\"noopener\">XARXES M\u00e9s enll\u00e0 de l&#039;\u00e0tom 2 de 3<\/a><\/li><li><a class=\"link_rojo\" href=\"http:\/\/www.youtube.com\/watch?v=Xdvqr0t8A_c\" target=\"_blank\" rel=\"noopener\">XARXES M\u00e9s enll\u00e0 de l&#039;\u00e0tom 3 de 3<\/a><\/li><li><a class=\"link_rojo\" href=\"http:\/\/www.youtube.com\/watch?v=v30djlkGmYM&amp;feature=player_embedded#\" target=\"_blank\" rel=\"noopener\">Qu\u00e8 estudia la f\u00edsica i la qu\u00edmica?<\/a><\/li><li><a class=\"link_rojo\" href=\"http:\/\/www.youtube.com\/watch?v=p4CasJmEIgQ&amp;feature=related\" target=\"_blank\" rel=\"noopener\">Conceptes b\u00e0sics de Qu\u00edmica<\/a><\/li><li><a class=\"link_rojo\" href=\"http:\/\/www.youtube.com\/watch?v=HXrB0v54o8s&amp;feature=related\" target=\"_blank\" rel=\"noopener\">La gran hist\u00f2ria de la Qu\u00edmica<\/a><\/li><\/ul><h4 class=\"rojo\">Espanya<\/h4><ul><li><a class=\"link_rojo\" href=\"http:\/\/www.rseq.org\/\" target=\"_blank\" rel=\"noopener\">Reial Societat Espanyola de Qu\u00edmica<\/a><\/li><li><a class=\"link_rojo\" href=\"http:\/\/www.rseqvlc.org\/\" target=\"_blank\" rel=\"noopener\">Real Societat Espanyola de Qu\u00edmica. Secci\u00f3 Territorial Val\u00e8ncia<\/a><\/li><li><a class=\"link_rojo\" href=\"http:\/\/www.expoquimia.com\/\" target=\"_blank\" rel=\"noopener\">Expoqu\u00edmia<\/a><\/li><li><a class=\"link_rojo\" href=\"http:\/\/www.coeqga.es\/web\/index.php\" target=\"_blank\" rel=\"noopener\">Col\u00b7legi Oficial d&#039;Enxe\u00f1eiras i Enxe\u00f1eiros Qu\u00edmics de Gal\u00edcia<\/a><\/li><li><a class=\"link_rojo\" href=\"http:\/\/copiqclm.com\/\" target=\"_blank\" rel=\"noopener\">Col\u00b7legi Oficial de Professionals en Enginyeria Qu\u00edmica de Castella-la Manxa<\/a><\/li><li><a class=\"link_rojo\" href=\"http:\/\/www.coddiq.es\/\" target=\"_blank\" rel=\"noopener\">Confer\u00e8ncia de Directors i Degans d&#039;Enginyeria Qu\u00edmica (CODDIQ)<\/a><\/li><li><a class=\"link_rojo\" href=\"http:\/\/www.feiq.org.es\/\" target=\"_blank\" rel=\"noopener\">Federaci\u00f3 espanyola d&#039;Enginyeria Qu\u00edmica (FEIQ)<\/a><\/li><li><a class=\"link_rojo\" href=\"http:\/\/www.ingenieriaquimica.org\/\" target=\"_blank\" rel=\"noopener\">Enginyeria Qu\u00edmica. El Portal de Refer\u00e8ncia per a Enginyers Qu\u00edmics<\/a><\/li><li><a class=\"link_rojo\" href=\"http:\/\/www.ingenieriaquimica.net\/\" target=\"_blank\" rel=\"noopener\">Enginyeria Qu\u00edmica. El Portal dels Enginyers Qu\u00edmics en espanyol<\/a><\/li><li><a class=\"link_rojo\" href=\"http:\/\/www.feique.org\/\" target=\"_blank\" rel=\"noopener\">Federaci\u00f3 Empresarial de la Ind\u00fastria Qu\u00edmica Espanyola<\/a><\/li><li><a class=\"link_rojo\" href=\"http:\/\/www.suschem-es.org\/\" target=\"_blank\" rel=\"noopener\">Plataforma Tecnol\u00f2gica Espanyola de Qu\u00edmica Sostenible<\/a><\/li><\/ul><h4 class=\"rojo\">Entitats col\u00b7laboradores amb el COIQCV<\/h4><ul><li><a class=\"link_rojo\" href=\"http:\/\/www.aimme.es\/\" target=\"_blank\" rel=\"noopener\">Instituo Tecnol\u00f2gic Matalmec\u00e0nic. AIMME<\/a><\/li><li><a class=\"link_rojo\" href=\"https:\/\/www.ucv.es\/\" target=\"_blank\" rel=\"noopener\">Universitat Cat\u00f2lica de Val\u00e8ncia<\/a><\/li><li><a class=\"link_rojo\" href=\"http:\/\/www.torrecid.com\/\" target=\"_blank\" rel=\"noopener\">Torrecid<\/a><\/li><li><a class=\"link_rojo\" href=\"http:\/\/www.caja-ingenieros.es\/\" target=\"_blank\" rel=\"noopener\">Caixa d&#039;Enginyers<\/a><\/li><li><a class=\"link_rojo\" href=\"http:\/\/www.fimed.es\/\" target=\"_blank\" rel=\"noopener\">Fime<\/a><\/li><\/ul><h4 class=\"rojo\">Organitzacions internacionals<\/h4><ul><li><a class=\"link_rojo\" href=\"http:\/\/www.unesco.org\/new\/es\/natural-sciences\/science-technology\/basic-sciences\/chemistry\/international-year-of-chemistry\/\" target=\"_blank\" rel=\"noopener\">Any internacional de la Qu\u00edmica 2011<\/a><\/li><li><a class=\"link_rojo\" href=\"http:\/\/www.efce.info\/\" target=\"_blank\" rel=\"noopener\">European Federation of Chemical Engineers<\/a><\/li><li><a class=\"link_rojo\" href=\"http:\/\/www.icheme.org\/\" target=\"_blank\" rel=\"noopener\">Institute of Chemical Engineering, UK<\/a><\/li><li><a class=\"link_rojo\" href=\"http:\/\/www.vdi.de\/\" target=\"_blank\" rel=\"noopener\">Association of German Engineers<\/a><\/li><li><a class=\"link_rojo\" href=\"http:\/\/www.aiche.org\/\" target=\"_blank\" rel=\"noopener\">The American Institute of Chemical Engineers<\/a><\/li><li><a class=\"link_rojo\" href=\"http:\/\/www.icca-chem.org\/\" target=\"_blank\" rel=\"noopener\">International Council of Chemical Associations (ICCA)<\/a><\/li><li><a class=\"link_rojo\" href=\"http:\/\/www.cefic.org\/\" target=\"_blank\" rel=\"noopener\">European Chemical Industry Council<\/a><\/li><\/ul><h4 class=\"rojo\">Altres<\/h4><ul><li><a class=\"link_rojo\" href=\"http:\/\/www.pafko.com\/history\/index.html\" target=\"_blank\" rel=\"noopener\">Pafko.com \u2013 The History of Chemical Engineering lloc web<\/a><\/li><li><a class=\"link_rojo\" href=\"http:\/\/en.wikipedia.org\/wiki\/Chemical_engineering\" target=\"_blank\" rel=\"noopener\">Wikipedia \u2013 Chemical engineering<\/a><\/li><li><a class=\"link_rojo\" href=\"http:\/\/en.wikipedia.org\/wiki\/Chemical_engineer\" target=\"_blank\" rel=\"noopener\">Wikipedia \u2013 Chemical engineer<\/a><\/li><\/ul>\t\t\t\t\t\t\t\t<\/div>\n\t\t\t\t<\/div>\n\t\t\t\t\t<\/div>\n\t\t\t\t<\/div>\n\t\t\t\t<\/div>","protected":false},"excerpt":{"rendered":"<p>Enlaces de inter\u00e9s Lorem ipsum dolor sit amet, consectetur adipiscing elit. Nam elementum elit ut finibus condimentum. Vivamus sit amet urna nec risus efficitur tristique nec sed nunc. Proin porta dictum suscipit. Donec eleifend nunc eu placerat porttitor.\u00a0 V\u00eddeos sobre la Qu\u00edmica La Qu\u00edmica y la Vida Historia de la Qu\u00edmica Historia de la Alquimia [&hellip;]<\/p>\n","protected":false},"author":1,"featured_media":0,"parent":0,"menu_order":0,"comment_status":"closed","ping_status":"closed","template":"elementor_header_footer","meta":{"_monsterinsights_skip_tracking":false,"_monsterinsights_sitenote_active":false,"_monsterinsights_sitenote_note":"","_monsterinsights_sitenote_category":0,"_uf_show_specific_survey":0,"_uf_disable_surveys":false,"footnotes":""},"class_list":["post-1869","page","type-page","status-publish","hentry"],"aioseo_notices":[],"_links":{"self":[{"href":"https:\/\/coiqcv.com\/val\/wp-json\/wp\/v2\/pages\/1869","targetHints":{"allow":["GET"]}}],"collection":[{"href":"https:\/\/coiqcv.com\/val\/wp-json\/wp\/v2\/pages"}],"about":[{"href":"https:\/\/coiqcv.com\/val\/wp-json\/wp\/v2\/types\/page"}],"author":[{"embeddable":true,"href":"https:\/\/coiqcv.com\/val\/wp-json\/wp\/v2\/users\/1"}],"replies":[{"embeddable":true,"href":"https:\/\/coiqcv.com\/val\/wp-json\/wp\/v2\/comments?post=1869"}],"version-history":[{"count":7,"href":"https:\/\/coiqcv.com\/val\/wp-json\/wp\/v2\/pages\/1869\/revisions"}],"predecessor-version":[{"id":3099,"href":"https:\/\/coiqcv.com\/val\/wp-json\/wp\/v2\/pages\/1869\/revisions\/3099"}],"wp:attachment":[{"href":"https:\/\/coiqcv.com\/val\/wp-json\/wp\/v2\/media?parent=1869"}],"curies":[{"name":"wp","href":"https:\/\/api.w.org\/{rel}","templated":true}]}}