{"id":1397,"date":"2023-06-08T18:26:48","date_gmt":"2023-06-08T16:26:48","guid":{"rendered":"https:\/\/pro-ser-001.datia-analytics.com\/?page_id=1397"},"modified":"2024-04-03T14:24:18","modified_gmt":"2024-04-03T12:24:18","slug":"registro-de-colegiados","status":"publish","type":"page","link":"https:\/\/coiqcv.com\/val\/registro-de-colegiados\/","title":{"rendered":"Registre de Col\u00b7legiats"},"content":{"rendered":"<div data-elementor-type=\"wp-page\" data-elementor-id=\"1397\" class=\"elementor elementor-1397\" data-elementor-post-type=\"page\">\n\t\t\t\t<div data-particle_enable=\"false\" data-particle-mobile-disabled=\"false\" class=\"elementor-element elementor-element-f0cbf63 e-flex e-con-boxed e-con e-parent\" data-id=\"f0cbf63\" data-element_type=\"container\" data-e-type=\"container\" data-settings=\"{&quot;jet_parallax_layout_list&quot;:[]}\">\n\t\t\t\t\t<div class=\"e-con-inner\">\n\t\t<div data-particle_enable=\"false\" data-particle-mobile-disabled=\"false\" class=\"elementor-element elementor-element-4e32a41 e-con-full e-flex e-con e-child\" data-id=\"4e32a41\" data-element_type=\"container\" data-e-type=\"container\" data-settings=\"{&quot;jet_parallax_layout_list&quot;:[]}\">\n\t\t\t\t<div class=\"elementor-element elementor-element-ce9494e elementor-widget elementor-widget-heading\" data-id=\"ce9494e\" data-element_type=\"widget\" data-e-type=\"widget\" data-widget_type=\"heading.default\">\n\t\t\t\t<div class=\"elementor-widget-container\">\n\t\t\t\t\t<h2 class=\"elementor-heading-title elementor-size-default\">Registre de Col\u00b7legiats\/des<\/h2>\t\t\t\t<\/div>\n\t\t\t\t<\/div>\n\t\t\t\t<\/div>\n\t\t\t\t\t<\/div>\n\t\t\t\t<\/div>\n\t\t<div data-particle_enable=\"false\" data-particle-mobile-disabled=\"false\" class=\"elementor-element elementor-element-c330bd6 e-flex e-con-boxed e-con e-parent\" data-id=\"c330bd6\" data-element_type=\"container\" data-e-type=\"container\" data-settings=\"{&quot;jet_parallax_layout_list&quot;:[],&quot;background_background&quot;:&quot;classic&quot;}\">\n\t\t\t\t\t<div class=\"e-con-inner\">\n\t\t<div data-particle_enable=\"false\" data-particle-mobile-disabled=\"false\" class=\"elementor-element elementor-element-6e7435d e-con-full e-flex e-con e-child\" data-id=\"6e7435d\" data-element_type=\"container\" data-e-type=\"container\" data-settings=\"{&quot;jet_parallax_layout_list&quot;:[]}\">\n\t\t\t\t<div class=\"elementor-element elementor-element-fd81597 elementor-widget elementor-widget-text-editor\" data-id=\"fd81597\" data-element_type=\"widget\" data-e-type=\"widget\" data-widget_type=\"text-editor.default\">\n\t\t\t\t<div class=\"elementor-widget-container\">\n\t\t\t\t\t\t\t\t\t<p>El CO<span style=\"color: #c80028;\">IQ<\/span>CV posa a disposici\u00f3 del p\u00fablic la consulta dels membres amb <strong>col\u00b7legiaci\u00f3 activa<\/strong>.<\/p><p>La informaci\u00f3 b\u00e0sica de les persones col\u00b7legiades est\u00e0 disponible per a la ciutadania en un senzill cercador.<\/p><p>Les consultes del registre de col\u00b7legiades\/us tamb\u00e9 es poden realitzar enviant un email a <a href=\"mailto:info@coiqcv.com\" target=\"_blank\" rel=\"noopener\">info@coiqcv.com<\/a> indicant n\u00famero de col\u00b7legiaci\u00f3 o nom i cognoms.<br \/><br \/>Atendrem la petici\u00f3 des del departament de gesti\u00f3 i donarem resposta per correu electr\u00f2nic.<\/p>\t\t\t\t\t\t\t\t<\/div>\n\t\t\t\t<\/div>\n\t\t\t\t<\/div>\n\t\t\t\t\t<\/div>\n\t\t\t\t<\/div>\n\t\t<div data-particle_enable=\"false\" data-particle-mobile-disabled=\"false\" class=\"elementor-element elementor-element-c3dde02 e-flex e-con-boxed e-con e-parent\" data-id=\"c3dde02\" data-element_type=\"container\" data-e-type=\"container\" data-settings=\"{&quot;jet_parallax_layout_list&quot;:[]}\">\n\t\t\t\t\t<div class=\"e-con-inner\">\n\t\t\t\t<div class=\"elementor-element elementor-element-a462863 elementor-widget elementor-widget-html\" data-id=\"a462863\" data-element_type=\"widget\" data-e-type=\"widget\" data-widget_type=\"html.default\">\n\t\t\t\t<div class=\"elementor-widget-container\">\n\t\t\t\t\t<form method=\"GET\" style=\"display: flex; gap: 10px;\" action=\"\">\r\n    <style>\r\n        \/* Responsive adjustments *\/\r\n        @media screen and (max-width: 768px) {\r\n            form {\r\n                flex-direction: column;\r\n            }\r\n        }\r\n    <\/style>\r\n    <input type=\"text\" name=\"first_name\" placeholder=\"Nom\">\r\n    <input type=\"text\" name=\"last_name\" placeholder=\"Cognom(s)\">\r\n    <input type=\"text\" name=\"colegiado\" placeholder=\"N\u00ba de Col\u00b7legiat\/ada\">\r\n    <input style=\"background-color: #C80028; color:white; font-size: 12px; text-transform: uppercase; font-weight: bold; border-radius: 0\" type=\"submit\" value=\"Cerca\">\r\n<input type=\"hidden\" name=\"trp-form-language\" value=\"val\"\/><\/form>\r\n\t\t\t\t<\/div>\n\t\t\t\t<\/div>\n\t\t\t\t<div class=\"elementor-element elementor-element-8d8e70d elementor-widget elementor-widget-shortcode\" data-id=\"8d8e70d\" data-element_type=\"widget\" data-e-type=\"widget\" data-widget_type=\"shortcode.default\">\n\t\t\t\t<div class=\"elementor-widget-container\">\n\t\t\t\t\t\t\t<div class=\"elementor-shortcode\"><p>Si us plau, introdu\u00efu almenys dos dels tres valors per cercar.<\/p><\/div>\n\t\t\t\t\t\t<\/div>\n\t\t\t\t<\/div>\n\t\t\t\t\t<\/div>\n\t\t\t\t<\/div>\n\t\t\t\t<\/div>","protected":false},"excerpt":{"rendered":"<p>Registro de Colegiados\/as El COIQCV pone a disposici\u00f3n del p\u00fablico la consulta de los miembros con colegiaci\u00f3n activa. La informaci\u00f3n b\u00e1sica de las personas colegiadas est\u00e1 disponible para la ciudadan\u00eda en un sencillo buscador. Las consultas del registro de colegiadas\/os tambi\u00e9n se pueden realizar enviando un email a info@coiqcv.com indicando n\u00famero de colegiaci\u00f3n o nombre [&hellip;]<\/p>\n","protected":false},"author":1,"featured_media":0,"parent":0,"menu_order":0,"comment_status":"closed","ping_status":"closed","template":"","meta":{"_monsterinsights_skip_tracking":false,"_monsterinsights_sitenote_active":false,"_monsterinsights_sitenote_note":"","_monsterinsights_sitenote_category":0,"_uf_show_specific_survey":0,"_uf_disable_surveys":false,"footnotes":""},"class_list":["post-1397","page","type-page","status-publish","hentry"],"aioseo_notices":[],"_links":{"self":[{"href":"https:\/\/coiqcv.com\/val\/wp-json\/wp\/v2\/pages\/1397","targetHints":{"allow":["GET"]}}],"collection":[{"href":"https:\/\/coiqcv.com\/val\/wp-json\/wp\/v2\/pages"}],"about":[{"href":"https:\/\/coiqcv.com\/val\/wp-json\/wp\/v2\/types\/page"}],"author":[{"embeddable":true,"href":"https:\/\/coiqcv.com\/val\/wp-json\/wp\/v2\/users\/1"}],"replies":[{"embeddable":true,"href":"https:\/\/coiqcv.com\/val\/wp-json\/wp\/v2\/comments?post=1397"}],"version-history":[{"count":234,"href":"https:\/\/coiqcv.com\/val\/wp-json\/wp\/v2\/pages\/1397\/revisions"}],"predecessor-version":[{"id":6141,"href":"https:\/\/coiqcv.com\/val\/wp-json\/wp\/v2\/pages\/1397\/revisions\/6141"}],"wp:attachment":[{"href":"https:\/\/coiqcv.com\/val\/wp-json\/wp\/v2\/media?parent=1397"}],"curies":[{"name":"wp","href":"https:\/\/api.w.org\/{rel}","templated":true}]}}