{"id":1323,"date":"2023-05-30T15:58:55","date_gmt":"2023-05-30T13:58:55","guid":{"rendered":"https:\/\/pro-ser-001.datia-analytics.com\/?page_id=1323"},"modified":"2023-06-12T15:20:00","modified_gmt":"2023-06-12T13:20:00","slug":"prensa","status":"publish","type":"page","link":"https:\/\/coiqcv.com\/val\/prensa\/","title":{"rendered":"Premsa"},"content":{"rendered":"<div data-elementor-type=\"wp-page\" data-elementor-id=\"1323\" class=\"elementor elementor-1323\" data-elementor-post-type=\"page\">\n\t\t\t\t<div data-particle_enable=\"false\" data-particle-mobile-disabled=\"false\" class=\"elementor-element elementor-element-6dd9c11 e-flex e-con-boxed e-con e-parent\" data-id=\"6dd9c11\" data-element_type=\"container\" data-e-type=\"container\" data-settings=\"{&quot;jet_parallax_layout_list&quot;:[]}\">\n\t\t\t\t\t<div class=\"e-con-inner\">\n\t\t<div data-particle_enable=\"false\" data-particle-mobile-disabled=\"false\" class=\"elementor-element elementor-element-2204722 e-con-full e-flex e-con e-parent\" data-id=\"2204722\" data-element_type=\"container\" data-e-type=\"container\" data-settings=\"{&quot;jet_parallax_layout_list&quot;:[]}\">\n\t\t\t\t<div class=\"elementor-element elementor-element-9baa31a elementor-widget elementor-widget-heading\" data-id=\"9baa31a\" data-element_type=\"widget\" data-e-type=\"widget\" data-widget_type=\"heading.default\">\n\t\t\t\t<div class=\"elementor-widget-container\">\n\t\t\t\t\t<h2 class=\"elementor-heading-title elementor-size-default\">Premsa<\/h2>\t\t\t\t<\/div>\n\t\t\t\t<\/div>\n\t\t\t\t<\/div>\n\t\t\t\t\t<\/div>\n\t\t\t\t<\/div>\n\t\t<div data-particle_enable=\"false\" data-particle-mobile-disabled=\"false\" class=\"elementor-element elementor-element-baa7847 e-flex e-con-boxed e-con e-parent\" data-id=\"baa7847\" data-element_type=\"container\" data-e-type=\"container\" data-settings=\"{&quot;jet_parallax_layout_list&quot;:[],&quot;background_background&quot;:&quot;classic&quot;}\">\n\t\t\t\t\t<div class=\"e-con-inner\">\n\t\t<div data-particle_enable=\"false\" data-particle-mobile-disabled=\"false\" class=\"elementor-element elementor-element-b858123 e-con-full e-flex e-con e-parent\" data-id=\"b858123\" data-element_type=\"container\" data-e-type=\"container\" data-settings=\"{&quot;jet_parallax_layout_list&quot;:[]}\">\n\t\t\t\t<div class=\"elementor-element elementor-element-f07023e elementor-widget elementor-widget-text-editor\" data-id=\"f07023e\" data-element_type=\"widget\" data-e-type=\"widget\" data-widget_type=\"text-editor.default\">\n\t\t\t\t<div class=\"elementor-widget-container\">\n\t\t\t\t\t\t\t\t\t<p>Des de COIQCV treballem per difondre la nostra professi\u00f3 tamb\u00e9 a trav\u00e9s dels mitjans de comunicaci\u00f3. Aqu\u00ed tens un resum dels comunicats i aparicions a diferents mitjans que hem realitzat.<\/p>\t\t\t\t\t\t\t\t<\/div>\n\t\t\t\t<\/div>\n\t\t\t\t<\/div>\n\t\t\t\t\t<\/div>\n\t\t\t\t<\/div>\n\t\t<div data-particle_enable=\"false\" data-particle-mobile-disabled=\"false\" class=\"elementor-element elementor-element-509979f e-flex e-con-boxed e-con e-parent\" data-id=\"509979f\" data-element_type=\"container\" data-e-type=\"container\" data-settings=\"{&quot;jet_parallax_layout_list&quot;:[]}\">\n\t\t\t\t\t<div class=\"e-con-inner\">\n\t\t<div data-particle_enable=\"false\" data-particle-mobile-disabled=\"false\" class=\"elementor-element elementor-element-6b9f288 e-con-full e-flex e-con e-parent\" data-id=\"6b9f288\" data-element_type=\"container\" data-e-type=\"container\" data-settings=\"{&quot;jet_parallax_layout_list&quot;:[]}\">\n\t\t\t\t<div class=\"elementor-element elementor-element-4d78aae elementor-widget elementor-widget-heading\" data-id=\"4d78aae\" data-element_type=\"widget\" data-e-type=\"widget\" data-widget_type=\"heading.default\">\n\t\t\t\t<div class=\"elementor-widget-container\">\n\t\t\t\t\t<h2 class=\"elementor-heading-title elementor-size-default\">Comunicats<\/h2>\t\t\t\t<\/div>\n\t\t\t\t<\/div>\n\t\t\t\t<\/div>\n\t\t\t\t\t<\/div>\n\t\t\t\t<\/div>\n\t\t<div data-particle_enable=\"false\" data-particle-mobile-disabled=\"false\" class=\"elementor-element elementor-element-1820b11 e-flex e-con-boxed e-con e-parent\" data-id=\"1820b11\" data-element_type=\"container\" data-e-type=\"container\" data-settings=\"{&quot;jet_parallax_layout_list&quot;:[]}\">\n\t\t\t\t\t<div class=\"e-con-inner\">\n\t\t<div data-particle_enable=\"false\" data-particle-mobile-disabled=\"false\" class=\"elementor-element elementor-element-39e15c8 e-con-full e-flex e-con e-parent\" data-id=\"39e15c8\" data-element_type=\"container\" data-e-type=\"container\" data-settings=\"{&quot;jet_parallax_layout_list&quot;:[]}\">\n\t\t\t\t<\/div>\n\t\t<div data-particle_enable=\"false\" data-particle-mobile-disabled=\"false\" class=\"elementor-element elementor-element-8a8c674 e-con-full e-flex e-con e-parent\" data-id=\"8a8c674\" data-element_type=\"container\" data-e-type=\"container\" data-settings=\"{&quot;jet_parallax_layout_list&quot;:[]}\">\n\t\t\t\t<div class=\"elementor-element elementor-element-0c827ff elementor-widget elementor-widget-eael-cta-box\" data-id=\"0c827ff\" data-element_type=\"widget\" data-e-type=\"widget\" data-widget_type=\"eael-cta-box.default\">\n\t\t\t\t<div class=\"elementor-widget-container\">\n\t\t\t\t\t\t\t\t<div class=\"eael-call-to-action cta-flex bg-lite cta-preset-1\">\n\t    <div class=\"content\">\n            <h4 class=\"sub-title\">03\/05\/2023<\/h4><h2 class=\"title eael-cta-heading\">Argumentari IQ - Avantprojecte Llei d&#039;Ind\u00fastria<\/h2>\t    <\/div>\n\t    <div class=\"action\">\n\t        <a href=\"https:\/\/coiqcv.com\/descargas\/prensa\/ArgumentarioIQ_AnteproyectoLeyIndustria.pdf\" class=\"cta-button cta-preset-1\">Llegir m\u00e9s &gt;<\/a>\t    <\/div>\n\t<\/div>\n\t\t\t\t\t\t\t<\/div>\n\t\t\t\t<\/div>\n\t\t\t\t<div class=\"elementor-element elementor-element-5fbece1 elementor-widget elementor-widget-eael-cta-box\" data-id=\"5fbece1\" data-element_type=\"widget\" data-e-type=\"widget\" data-widget_type=\"eael-cta-box.default\">\n\t\t\t\t<div class=\"elementor-widget-container\">\n\t\t\t\t\t\t\t\t<div class=\"eael-call-to-action cta-flex bg-lite cta-preset-1\">\n\t    <div class=\"content\">\n            <h4 class=\"sub-title\">30\/04\/2020<\/h4><h2 class=\"title eael-cta-heading\">Mesures urgents reactivaci\u00f3 ocupaci\u00f3 i activitat econ\u00f2mica<\/h2>\t    <\/div>\n\t    <div class=\"action\">\n\t        <a href=\"https:\/\/coiqcv.com\/descargas\/prensa\/DecalogoMedidasEmpleoEconomicas.pdf\" class=\"cta-button cta-preset-1\">Llegir m\u00e9s &gt;<\/a>\t    <\/div>\n\t<\/div>\n\t\t\t\t\t\t\t<\/div>\n\t\t\t\t<\/div>\n\t\t\t\t<div class=\"elementor-element elementor-element-c7b9313 elementor-widget elementor-widget-eael-cta-box\" data-id=\"c7b9313\" data-element_type=\"widget\" data-e-type=\"widget\" data-widget_type=\"eael-cta-box.default\">\n\t\t\t\t<div class=\"elementor-widget-container\">\n\t\t\t\t\t\t\t\t<div class=\"eael-call-to-action cta-flex bg-lite cta-preset-1\">\n\t    <div class=\"content\">\n            <h4 class=\"sub-title\">21\/07\/2008<\/h4><h2 class=\"title eael-cta-heading\">Proposici\u00f3 llei. Atribucions Professionals Enginyer Qu\u00edmic.<\/h2>\t    <\/div>\n\t    <div class=\"action\">\n\t        <a href=\"https:\/\/coiqcv.com\/descargas\/prensa\/PNL_Atribuciones_Profesionales_Ingeniero_Quimico.pdf\" class=\"cta-button cta-preset-1\">Llegir m\u00e9s &gt;<\/a>\t    <\/div>\n\t<\/div>\n\t\t\t\t\t\t\t<\/div>\n\t\t\t\t<\/div>\n\t\t\t\t<div class=\"elementor-element elementor-element-41374b7 elementor-widget elementor-widget-eael-cta-box\" data-id=\"41374b7\" data-element_type=\"widget\" data-e-type=\"widget\" data-widget_type=\"eael-cta-box.default\">\n\t\t\t\t<div class=\"elementor-widget-container\">\n\t\t\t\t\t\t\t\t<div class=\"eael-call-to-action cta-flex bg-lite cta-preset-1\">\n\t    <div class=\"content\">\n            <h4 class=\"sub-title\">21\/07\/2008<\/h4><h2 class=\"title eael-cta-heading\">Proposici\u00f3 llei. M\u00e0ster Enginyeria Qu\u00edmica Regulaci\u00f3 Professional.<\/h2>\t    <\/div>\n\t    <div class=\"action\">\n\t        <a href=\"https:\/\/coiqcv.com\/descargas\/prensa\/PNL_Master_Ingenieria_Quimica_Regulacion_profesional.pdf\" class=\"cta-button cta-preset-1\">Llegir m\u00e9s &gt;<\/a>\t    <\/div>\n\t<\/div>\n\t\t\t\t\t\t\t<\/div>\n\t\t\t\t<\/div>\n\t\t\t\t<div class=\"elementor-element elementor-element-f036a95 elementor-widget elementor-widget-eael-cta-box\" data-id=\"f036a95\" data-element_type=\"widget\" data-e-type=\"widget\" data-widget_type=\"eael-cta-box.default\">\n\t\t\t\t<div class=\"elementor-widget-container\">\n\t\t\t\t\t\t\t\t<div class=\"eael-call-to-action cta-flex bg-lite cta-preset-1\">\n\t    <div class=\"content\">\n            <h4 class=\"sub-title\">23\/02\/2008<\/h4><h2 class=\"title eael-cta-heading\">Manifest per la Regularitzaci\u00f3 Professional dels Enginyers Qu\u00edmics.<\/h2>\t    <\/div>\n\t    <div class=\"action\">\n\t        <a href=\"https:\/\/coiqcv.com\/descargas\/prensa\/Manifiesto_IQ.pdf\" class=\"cta-button cta-preset-1\">Llegir m\u00e9s &gt;<\/a>\t    <\/div>\n\t<\/div>\n\t\t\t\t\t\t\t<\/div>\n\t\t\t\t<\/div>\n\t\t\t\t<div class=\"elementor-element elementor-element-584235f elementor-widget elementor-widget-eael-cta-box\" data-id=\"584235f\" data-element_type=\"widget\" data-e-type=\"widget\" data-widget_type=\"eael-cta-box.default\">\n\t\t\t\t<div class=\"elementor-widget-container\">\n\t\t\t\t\t\t\t\t<div class=\"eael-call-to-action cta-flex bg-lite cta-preset-1\">\n\t    <div class=\"content\">\n            <h4 class=\"sub-title\">23\/02\/2008<\/h4><h2 class=\"title eael-cta-heading\">Els enginyers qu\u00edmics es planten.<\/h2>\t    <\/div>\n\t    <div class=\"action\">\n\t        <a href=\"https:\/\/coiqcv.com\/val\/descargas\/prensa\/NOTA%20PRENSA_23_02_08.pdf\/\" class=\"cta-button cta-preset-1\">Llegir m\u00e9s &gt;<\/a>\t    <\/div>\n\t<\/div>\n\t\t\t\t\t\t\t<\/div>\n\t\t\t\t<\/div>\n\t\t\t\t<div class=\"elementor-element elementor-element-c9a2b8b elementor-widget elementor-widget-eael-cta-box\" data-id=\"c9a2b8b\" data-element_type=\"widget\" data-e-type=\"widget\" data-widget_type=\"eael-cta-box.default\">\n\t\t\t\t<div class=\"elementor-widget-container\">\n\t\t\t\t\t\t\t\t<div class=\"eael-call-to-action cta-flex bg-lite cta-preset-1\">\n\t    <div class=\"content\">\n            <h4 class=\"sub-title\">24\/01\/2008<\/h4><h2 class=\"title eael-cta-heading\">El Col\u00b7legi Oficial d&#039;Enginyers Qu\u00edmics de la Comunitat Valenciana aprova els estatuts.<\/h2>\t    <\/div>\n\t    <div class=\"action\">\n\t        <a href=\"https:\/\/coiqcv.com\/val\/descargas\/prensa\/NOTA%20PRENSA_24_01_08.pdf\/\" class=\"cta-button cta-preset-1\">Llegir m\u00e9s &gt;<\/a>\t    <\/div>\n\t<\/div>\n\t\t\t\t\t\t\t<\/div>\n\t\t\t\t<\/div>\n\t\t\t\t<div class=\"elementor-element elementor-element-5f25bf1 elementor-widget elementor-widget-eael-cta-box\" data-id=\"5f25bf1\" data-element_type=\"widget\" data-e-type=\"widget\" data-widget_type=\"eael-cta-box.default\">\n\t\t\t\t<div class=\"elementor-widget-container\">\n\t\t\t\t\t\t\t\t<div class=\"eael-call-to-action cta-flex bg-lite cta-preset-1\">\n\t    <div class=\"content\">\n            <h4 class=\"sub-title\">25\/09\/2006<\/h4><h2 class=\"title eael-cta-heading\">Assemblea constituent del col\u00b7legi d&#039;enginyers qu\u00edmics de la Comunitat Valenciana.<\/h2>\t    <\/div>\n\t    <div class=\"action\">\n\t        <a href=\"https:\/\/coiqcv.com\/val\/prensa\/constitucion\/\" class=\"cta-button cta-preset-1\">Llegir m\u00e9s &gt;<\/a>\t    <\/div>\n\t<\/div>\n\t\t\t\t\t\t\t<\/div>\n\t\t\t\t<\/div>\n\t\t\t\t<\/div>\n\t\t\t\t\t<\/div>\n\t\t\t\t<\/div>\n\t\t<div data-particle_enable=\"false\" data-particle-mobile-disabled=\"false\" class=\"elementor-element elementor-element-74f7f26 e-flex e-con-boxed e-con e-parent\" data-id=\"74f7f26\" data-element_type=\"container\" data-e-type=\"container\" data-settings=\"{&quot;jet_parallax_layout_list&quot;:[]}\">\n\t\t\t\t\t<div class=\"e-con-inner\">\n\t\t<div data-particle_enable=\"false\" data-particle-mobile-disabled=\"false\" class=\"elementor-element elementor-element-285b82a e-con-full e-flex e-con e-parent\" data-id=\"285b82a\" data-element_type=\"container\" data-e-type=\"container\" data-settings=\"{&quot;jet_parallax_layout_list&quot;:[]}\">\n\t\t\t\t<div class=\"elementor-element elementor-element-be5f7fc elementor-widget elementor-widget-heading\" data-id=\"be5f7fc\" data-element_type=\"widget\" data-e-type=\"widget\" data-widget_type=\"heading.default\">\n\t\t\t\t<div class=\"elementor-widget-container\">\n\t\t\t\t\t<h2 class=\"elementor-heading-title elementor-size-default\">Intervencions en mitjans<\/h2>\t\t\t\t<\/div>\n\t\t\t\t<\/div>\n\t\t\t\t<\/div>\n\t\t\t\t\t<\/div>\n\t\t\t\t<\/div>\n\t\t<div data-particle_enable=\"false\" data-particle-mobile-disabled=\"false\" class=\"elementor-element elementor-element-88cc825 e-flex e-con-boxed e-con e-parent\" data-id=\"88cc825\" data-element_type=\"container\" data-e-type=\"container\" data-settings=\"{&quot;jet_parallax_layout_list&quot;:[]}\">\n\t\t\t\t\t<div class=\"e-con-inner\">\n\t\t<div data-particle_enable=\"false\" data-particle-mobile-disabled=\"false\" class=\"elementor-element elementor-element-60f069c e-con-full e-flex e-con e-parent\" data-id=\"60f069c\" data-element_type=\"container\" data-e-type=\"container\" data-settings=\"{&quot;jet_parallax_layout_list&quot;:[]}\">\n\t\t\t\t<\/div>\n\t\t<div data-particle_enable=\"false\" data-particle-mobile-disabled=\"false\" class=\"elementor-element elementor-element-8e965c6 e-con-full e-flex e-con e-parent\" data-id=\"8e965c6\" data-element_type=\"container\" data-e-type=\"container\" data-settings=\"{&quot;jet_parallax_layout_list&quot;:[]}\">\n\t\t\t\t<div class=\"elementor-element elementor-element-d606906 elementor-widget elementor-widget-text-editor\" data-id=\"d606906\" data-element_type=\"widget\" data-e-type=\"widget\" data-widget_type=\"text-editor.default\">\n\t\t\t\t<div class=\"elementor-widget-container\">\n\t\t\t\t\t\t\t\t\t<ul><li><a href=\"https:\/\/coiqcv.com\/descargas\/prensa\/EntrevistaPresidentaCOIQCV_Beatriz_Veces.pdf\" target=\"_blank\" rel=\"noopener\">\u00abVaig estudiar Enginyeria Qu\u00edmica perqu\u00e8 era una de les carreres m\u00e9s dif\u00edcils, em van els reptes\u00bb Beatriz Veces Gadea, Presidenta del COIQCV<\/a><br \/><em>(Entrevista a Les Prov\u00edncies 20 de maig de 2018)<\/em><\/li><li><a href=\"https:\/\/coiqcv.com\/descargas\/prensa\/Colegio_quimicos.pdf\" target=\"_blank\" rel=\"noopener\">\u00abEl nostre col\u00b7lectiu est\u00e0 poc reconegut a nivell social\u00bb President del COIQCV, Vicente B. Vert<\/a><br \/><em>(Entrevista Val\u00e8ncia Pla\u00e7a n\u00fam. 34 Agost 2017)<\/em><\/li><li><a href=\"https:\/\/coiqcv.com\/descargas\/prensa\/tce_news_COIQCV.jpg\" target=\"_blank\" rel=\"noopener\">Valencian COIQCV becomes IChemE Affiliate.<\/a><br \/><em>(Not\u00edcia TCE Magazine Novembre 2015)<\/em><\/li><li>Acte signatura de l&#039;acord entre IChemE i COIQCV (Data 19\/09\/2015)<p><iframe src=\"https:\/\/www.youtube.com\/embed\/LLzwZNNknBc?rel=0\" width=\"450\" height=\"338\" frameborder=\"0\" allowfullscreen=\"allowfullscreen\" data-mce-fragment=\"1\"><\/iframe><\/p><\/li><li><a class=\"link_rojo\" href=\"https:\/\/coiqcv.com\/descargas\/prensa\/20150922_levante.pdf\" target=\"_blank\" rel=\"noopener\">COIQCV es converteix en la primera societat europea afiliada de IChemE<\/a><br \/><em>(Not\u00edcia a \u00abLevante\u00bb 22 de setembre de 2015)<\/em><\/li><li><a class=\"link_rojo\" href=\"https:\/\/coiqcv.com\/descargas\/prensa\/Levante_22052015.pdf\" target=\"_blank\" rel=\"noopener\">L\u00b4Enginyeria Qu\u00edmica a Espanya: 165 anys d\u00b4una professi\u00f3 amb un reconeixement incomplet<\/a><br \/><em>(Not\u00edcia a \u00abLevante\u00bb 22 de maig de 2015)<\/em><\/li><li><a class=\"link_rojo\" href=\"https:\/\/coiqcv.com\/descargas\/prensa\/entrevista2014.pdf\" target=\"_blank\" rel=\"noopener\">Entrevista a la revista Infoedita del President del COIQCV. D. Vicente Vert Belenguer<\/a><br \/><em>(Revista Ind\u00fastria Qu\u00edmica n\u00fam. 17 Novembre de 2014)<\/em><\/li><li><a class=\"link_rojo\" href=\"https:\/\/coiqcv.com\/descargas\/prensa\/PAIS_MADRID26-5-12.pdf\" target=\"_blank\" rel=\"noopener\">COIQCV 3.0 cap a la uniformitat nacional del mercat.<\/a><br \/><em>(Not\u00edcia a \u00abEl Pa\u00eds\u00bb i \u00abLa Gaceta\u00bb 26\/05\/2012)<\/em><\/li><li><a class=\"link_rojo\" href=\"https:\/\/coiqcv.com\/descargas\/prensa\/2009-04-29_Bolonia.jpg\" target=\"_blank\" rel=\"noopener\">Bolonya i les enginyeries espanyoles.<\/a><br \/><em>(Not\u00edcia a \u00abEl Mundo\u00bb 29\/04\/2009)<\/em><\/li><li><a class=\"link_rojo\" href=\"https:\/\/coiqcv.com\/descargas\/prensa\/noticia20-9-08.pdf\" target=\"_blank\" rel=\"noopener\">Entrevista a Beatriz Ferreira, Presidenta del COIQCV.<\/a><br \/><em>(Not\u00edcia a \u00abLa Raz\u00f3n\u00bb 20\/09\/2008)<\/em><\/li><li><a class=\"link_rojo\" href=\"http:\/\/www.europapress.es\/epsocial\/noticia-pp-insta-gobierno-elaborar-meses-ley-regule-competencias-profesionales-ingenieros-quimicos-20080714123058.html\" target=\"_blank\" rel=\"noopener\">El PP insta el Govern a elaborar una llei en tres mesos que reguli les compet\u00e8ncies professionals d&#039;enginyers qu\u00edmics.<\/a><br \/><em>(Not\u00edcia a \u00abEPsocial\u00bb 14\/07\/2008)<\/em><\/li><li><a class=\"link_rojo\" href=\"https:\/\/coiqcv.com\/descargas\/prensa\/ElComercio_01.jpg\" target=\"_blank\" rel=\"noopener\">Els Enginyers Qu\u00edmics creen la Confer\u00e8ncia de Degans i Directors.<\/a><br \/><em>(Not\u00edcia a \u00abEl Comer\u00e7\u00bb 23\/05\/2008)<\/em><\/li><li><a class=\"link_rojo\" href=\"https:\/\/coiqcv.com\/descargas\/prensa\/NuevaEsp_01.jpg\" target=\"_blank\" rel=\"noopener\">Confer\u00e8ncia de degans i directors d&#039;enginyeria qu\u00edmica.<\/a><br \/><em>(Not\u00edcia a \u00abLa Nueva Espa\u00f1a\u00bb 23\/05\/2008)<\/em><\/li><li><a class=\"link_rojo\" href=\"https:\/\/coiqcv.com\/descargas\/prensa\/ElMundo_03.pdf\" target=\"_blank\" rel=\"noopener\">Enginyeria Qu\u00edmica: Espanya \u00e9s diferent. Jos\u00e9 Coca Prados.<\/a><br \/><em>(Not\u00edcia a \u00abEl Mundo\u00bb 26\/03\/2008)<\/em><\/li><li><a class=\"link_rojo\" href=\"https:\/\/coiqcv.com\/descargas\/prensa\/ElMundo_02.jpg\" target=\"_blank\" rel=\"noopener\">Els enginyers qu\u00edmics es manifesten perqu\u00e8 se&#039;n reguli la professi\u00f3.<\/a><br \/><em>(Not\u00edcia a \u00abEl Mundo\u00bb 24\/02\/2008)<\/em><\/li><li><a class=\"link_rojo\" href=\"https:\/\/coiqcv.com\/descargas\/prensa\/ValenciaHui.jpg\" target=\"_blank\" rel=\"noopener\">Els enginyers qu\u00edmics exigeixen que se&#039;n reguli la professi\u00f3.<\/a><br \/><em>(Not\u00edcia a \u00abVal\u00e8ncia Hui\u00bb 24\/02\/2008)<\/em><\/li><li><a class=\"link_rojo\" href=\"https:\/\/coiqcv.com\/descargas\/prensa\/LasProvincias.jpg\" target=\"_blank\" rel=\"noopener\">Es creen tres nous col\u00b7legis professionals.<\/a><br \/><em>(Not\u00edcia a \u00abLes Prov\u00edncies\u00bb 17\/10\/2004)<\/em><\/li><li><a class=\"link_rojo\" href=\"https:\/\/coiqcv.com\/descargas\/prensa\/ElMundo.jpg\" target=\"_blank\" rel=\"noopener\">El consell aprova la creaci\u00f3 de col\u00b7legis inform\u00e0tics, higienistes i qu\u00edmics.<\/a><br \/><em>(Not\u00edcia a \u00abEl Mundo\u00bb 17\/10\/2004)<\/em><\/li><\/ul>\t\t\t\t\t\t\t\t<\/div>\n\t\t\t\t<\/div>\n\t\t\t\t<\/div>\n\t\t\t\t\t<\/div>\n\t\t\t\t<\/div>\n\t\t\t\t<\/div>","protected":false},"excerpt":{"rendered":"<p>Prensa Desde COIQCV trabajamos por difundir nuestra profesi\u00f3n tambi\u00e9n a trav\u00e9s de los medios de comunicaci\u00f3n. Aqu\u00ed tienes un resumen de los comunicados y apariciones en diferentes medios que hemos realizado. Comunicados 03\/05\/2023 Argumentario IQ &#8211; Anteproyecto Ley de Industria Leer m\u00e1s &gt; 30\/04\/2020 Medidas urgentes reactivaci\u00f3n empleo y actividad econ\u00f3mica Leer m\u00e1s &gt; 21\/07\/2008 [&hellip;]<\/p>\n","protected":false},"author":1,"featured_media":0,"parent":0,"menu_order":0,"comment_status":"closed","ping_status":"closed","template":"","meta":{"_monsterinsights_skip_tracking":false,"_monsterinsights_sitenote_active":false,"_monsterinsights_sitenote_note":"","_monsterinsights_sitenote_category":0,"_uf_show_specific_survey":0,"_uf_disable_surveys":false,"footnotes":""},"class_list":["post-1323","page","type-page","status-publish","hentry"],"aioseo_notices":[],"_links":{"self":[{"href":"https:\/\/coiqcv.com\/val\/wp-json\/wp\/v2\/pages\/1323","targetHints":{"allow":["GET"]}}],"collection":[{"href":"https:\/\/coiqcv.com\/val\/wp-json\/wp\/v2\/pages"}],"about":[{"href":"https:\/\/coiqcv.com\/val\/wp-json\/wp\/v2\/types\/page"}],"author":[{"embeddable":true,"href":"https:\/\/coiqcv.com\/val\/wp-json\/wp\/v2\/users\/1"}],"replies":[{"embeddable":true,"href":"https:\/\/coiqcv.com\/val\/wp-json\/wp\/v2\/comments?post=1323"}],"version-history":[{"count":31,"href":"https:\/\/coiqcv.com\/val\/wp-json\/wp\/v2\/pages\/1323\/revisions"}],"predecessor-version":[{"id":1935,"href":"https:\/\/coiqcv.com\/val\/wp-json\/wp\/v2\/pages\/1323\/revisions\/1935"}],"wp:attachment":[{"href":"https:\/\/coiqcv.com\/val\/wp-json\/wp\/v2\/media?parent=1323"}],"curies":[{"name":"wp","href":"https:\/\/api.w.org\/{rel}","templated":true}]}}